{"id":17,"date":"2024-06-28T10:45:12","date_gmt":"2024-06-28T08:45:12","guid":{"rendered":"https:\/\/tfg-educacio-soci-recursos-test.azurewebsites.net\/?page_id=17"},"modified":"2024-07-14T10:19:02","modified_gmt":"2024-07-14T08:19:02","slug":"introduccion","status":"publish","type":"page","link":"https:\/\/tfg-educacio-soci-recursos-test.azurewebsites.net\/es\/","title":{"rendered":"Introducci\u00f3n"},"content":{"rendered":"<p>Bienvenidas. En este blog encontrar\u00e9is informaci\u00f3n y orientaciones respecto al Trabajo Final de Grado de Educaci\u00f3n Social. Esperamos que el espacio os sea de utilidad tanto en las fases iniciales como en el proceso de elaboraci\u00f3n del TFG.<\/p>\n<p><strong>\u00bfQu\u00e9 es el TFG?<\/strong><\/p>\n<p>El TFG es una asignatura de 6 cr\u00e9ditos que se cursa en el \u00faltimo semestre del Grado de Educaci\u00f3n Social. El objetivo final de esta asignatura es que el estudiantado presente un trabajo original e individual en torno a un tema que ha elegido previamente.<\/p>\n<p>Un TFG es un tipo de trabajo acad\u00e9mico en el que suele haber un fuerte compromiso personal con la tem\u00e1tica. Por ello, os animamos a elegir \u00e1mbitos que os motiven y os lleven a explorar preguntas que tal vez ya os hab\u00e9is ido formulando a lo largo de estos a\u00f1os y a sumergiros en espacios que conoc\u00e9is y sobre los que dese\u00e1is profundizar.<\/p>\n<p>En cierta medida, el TFG representa la culminaci\u00f3n del proceso de formaci\u00f3n inicial como educador social. En este sentido, se espera que el estudiantado pueda integrar los conocimientos y aprendizajes realizados a lo largo del Grado.<\/p>\n<p>Al mismo tiempo, cabe recordar que es una asignatura semestral. Es fundamental tener en cuenta, pues, las limitaciones de tiempo y espacio a fin de plantear objetivos realistas, concretos y asumibles para llegar a buen puerto.<\/p>\n<p>Por ello, planteamos el TFG como un espacio de aproximaci\u00f3n a una tem\u00e1tica, de exploraci\u00f3n, de formulaci\u00f3n de preguntas precisas que permitan acercarnos a una realidad compleja a partir de la acotaci\u00f3n tem\u00e1tica y contextual, de la concreci\u00f3n y de la mirada puesta en el detalle, en el matiz. Por todo ello, la finalidad del TFG no es tanto comprobar una hip\u00f3tesis o corroborar ideas preestablecidas, sino abrirnos a la posibilidad de sorprendernos, ampliar nuestros marcos\u00a0 y aprender en el proceso.<\/p>\n<p>A continuaci\u00f3n encontrar\u00e9is informaci\u00f3n de los 4 pasos a seguir en la fase inicial de vuestro TFG:<\/p>\n<p><strong>Paso 1:\u00a0<a href=\"https:\/\/tfg-educacio-soci-recursos-test.azurewebsites.net\/es\/el-inicio-del-viaje\/\" target=\"_blank\" rel=\"noopener\">El inicio del viaje<\/a><\/strong><\/p>\n<p><strong>Paso 2:\u00a0<a href=\"https:\/\/tfg-educacio-soci-recursos-test.azurewebsites.net\/es\/que-tipo-de-tfg-puedes-hacer\/\" target=\"_blank\" rel=\"noopener\">\u00bfQu\u00e9 tipo de TFG puedes hacer?<\/a><\/strong><\/p>\n<p><strong>Paso 3:\u00a0<a href=\"https:\/\/tfg-educacio-soci-recursos-test.azurewebsites.net\/es\/elaboracion-de-la-ficha\/\" target=\"_blank\" rel=\"noopener\">Elaboraci\u00f3n de la ficha<\/a><\/strong><\/p>\n<p><strong>Paso 4:\u00a0<a href=\"https:\/\/tfg-educacio-soci-recursos-test.azurewebsites.net\/es\/galeria\/\" target=\"_blank\" rel=\"noopener\">Consulta buenos ejemplos por \u00e1reas tem\u00e1ticas<\/a><\/strong><\/p>\n<p>Para m\u00e1s detalles sobre todo el proceso del TFG puedes consultar la\u00a0<a href=\"https:\/\/tfg-educacio-soci-recursos-test.azurewebsites.net\/wp-content\/uploads\/2022\/04\/Guia-TFG-2021-22_IBE.pdf\" target=\"_blank\" rel=\"noopener noreferrer\"><strong>gu\u00eda<\/strong><\/a>.<\/p>\n","protected":false},"excerpt":{"rendered":"<p>Bienvenidas. En este blog encontrar\u00e9is informaci\u00f3n y orientaciones respecto al Trabajo Final de Grado de Educaci\u00f3n Social. Esperamos que el espacio os sea de utilidad tanto en las fases iniciales como en el proceso de elaboraci\u00f3n del TFG. \u00bfQu\u00e9 es el TFG? El TFG es una asignatura de 6 cr\u00e9ditos que se cursa en el [&hellip;]<\/p>\n","protected":false},"author":1,"featured_media":0,"parent":0,"menu_order":0,"comment_status":"closed","ping_status":"closed","template":"","meta":{"_acf_changed":false,"inline_featured_image":false,"footnotes":""},"acf":[],"_links":{"self":[{"href":"https:\/\/tfg-educacio-soci-recursos-test.azurewebsites.net\/es\/wp-json\/wp\/v2\/pages\/17"}],"collection":[{"href":"https:\/\/tfg-educacio-soci-recursos-test.azurewebsites.net\/es\/wp-json\/wp\/v2\/pages"}],"about":[{"href":"https:\/\/tfg-educacio-soci-recursos-test.azurewebsites.net\/es\/wp-json\/wp\/v2\/types\/page"}],"author":[{"embeddable":true,"href":"https:\/\/tfg-educacio-soci-recursos-test.azurewebsites.net\/es\/wp-json\/wp\/v2\/users\/1"}],"replies":[{"embeddable":true,"href":"https:\/\/tfg-educacio-soci-recursos-test.azurewebsites.net\/es\/wp-json\/wp\/v2\/comments?post=17"}],"version-history":[{"count":7,"href":"https:\/\/tfg-educacio-soci-recursos-test.azurewebsites.net\/es\/wp-json\/wp\/v2\/pages\/17\/revisions"}],"predecessor-version":[{"id":2152,"href":"https:\/\/tfg-educacio-soci-recursos-test.azurewebsites.net\/es\/wp-json\/wp\/v2\/pages\/17\/revisions\/2152"}],"wp:attachment":[{"href":"https:\/\/tfg-educacio-soci-recursos-test.azurewebsites.net\/es\/wp-json\/wp\/v2\/media?parent=17"}],"curies":[{"name":"wp","href":"https:\/\/api.w.org\/{rel}","templated":true}]}}